{"id":826,"date":"2021-10-19T15:26:58","date_gmt":"2021-10-19T13:26:58","guid":{"rendered":"https:\/\/webdesign.alphaproducties.nl\/marinus\/unser-auftrag\/"},"modified":"2021-10-19T15:26:58","modified_gmt":"2021-10-19T13:26:58","slug":"unser-auftrag","status":"publish","type":"page","link":"https:\/\/marinusenterprises.nl\/de\/unser-auftrag\/","title":{"rendered":"Unser Auftrag"},"content":{"rendered":"\t\t<div data-elementor-type=\"wp-page\" data-elementor-id=\"826\" class=\"elementor elementor-826 elementor-62\" data-elementor-post-type=\"page\">\n\t\t\t\t\t\t<section class=\"elementor-section elementor-top-section elementor-element elementor-element-ca0a19b elementor-section-height-min-height elementor-section-boxed elementor-section-height-default elementor-section-items-middle\" data-id=\"ca0a19b\" data-element_type=\"section\" data-e-type=\"section\" data-settings=\"{&quot;background_background&quot;:&quot;classic&quot;}\">\n\t\t\t\t\t\t\t<div class=\"elementor-background-overlay\"><\/div>\n\t\t\t\t\t\t\t<div class=\"elementor-container elementor-column-gap-default\">\n\t\t\t\t\t<div class=\"elementor-column elementor-col-50 elementor-top-column elementor-element elementor-element-34b6640\" data-id=\"34b6640\" data-element_type=\"column\" data-e-type=\"column\">\n\t\t\t<div class=\"elementor-widget-wrap\">\n\t\t\t\t\t\t\t<\/div>\n\t\t<\/div>\n\t\t\t\t<div class=\"elementor-column elementor-col-50 elementor-top-column elementor-element elementor-element-abb900c\" data-id=\"abb900c\" data-element_type=\"column\" data-e-type=\"column\">\n\t\t\t<div class=\"elementor-widget-wrap\">\n\t\t\t\t\t\t\t<\/div>\n\t\t<\/div>\n\t\t\t\t\t<\/div>\n\t\t<\/section>\n\t\t\t\t<section class=\"elementor-section elementor-top-section elementor-element elementor-element-3d153aa elementor-section-boxed elementor-section-height-default elementor-section-height-default\" data-id=\"3d153aa\" data-element_type=\"section\" data-e-type=\"section\">\n\t\t\t\t\t\t<div class=\"elementor-container elementor-column-gap-default\">\n\t\t\t\t\t<div class=\"elementor-column elementor-col-100 elementor-top-column elementor-element elementor-element-46a6e1a\" data-id=\"46a6e1a\" data-element_type=\"column\" data-e-type=\"column\">\n\t\t\t<div class=\"elementor-widget-wrap elementor-element-populated\">\n\t\t\t\t\t\t<div class=\"elementor-element elementor-element-b7c3abb elementor-widget elementor-widget-heading\" data-id=\"b7c3abb\" data-element_type=\"widget\" data-e-type=\"widget\" data-widget_type=\"heading.default\">\n\t\t\t\t<div class=\"elementor-widget-container\">\n\t\t\t\t\t<h2 class=\"elementor-heading-title elementor-size-default\">UNSERE VISION<\/h2>\t\t\t\t<\/div>\n\t\t\t\t<\/div>\n\t\t\t\t<div class=\"elementor-element elementor-element-fe5148f elementor-widget-divider--view-line elementor-widget elementor-widget-divider\" data-id=\"fe5148f\" data-element_type=\"widget\" data-e-type=\"widget\" data-widget_type=\"divider.default\">\n\t\t\t\t<div class=\"elementor-widget-container\">\n\t\t\t\t\t\t\t<div class=\"elementor-divider\">\n\t\t\t<span class=\"elementor-divider-separator\">\n\t\t\t\t\t\t<\/span>\n\t\t<\/div>\n\t\t\t\t\t\t<\/div>\n\t\t\t\t<\/div>\n\t\t\t\t\t<\/div>\n\t\t<\/div>\n\t\t\t\t\t<\/div>\n\t\t<\/section>\n\t\t\t\t<section class=\"elementor-section elementor-top-section elementor-element elementor-element-063918f elementor-section-boxed elementor-section-height-default elementor-section-height-default\" data-id=\"063918f\" data-element_type=\"section\" data-e-type=\"section\">\n\t\t\t\t\t\t\t<div class=\"elementor-background-overlay\"><\/div>\n\t\t\t\t\t\t\t<div class=\"elementor-container elementor-column-gap-default\">\n\t\t\t\t\t<div class=\"elementor-column elementor-col-33 elementor-top-column elementor-element elementor-element-e19d6fb\" data-id=\"e19d6fb\" data-element_type=\"column\" data-e-type=\"column\" data-settings=\"{&quot;background_background&quot;:&quot;gradient&quot;}\">\n\t\t\t<div class=\"elementor-widget-wrap elementor-element-populated\">\n\t\t\t\t\t\t<div class=\"elementor-element elementor-element-763965a elementor-widget elementor-widget-heading\" data-id=\"763965a\" data-element_type=\"widget\" data-e-type=\"widget\" data-widget_type=\"heading.default\">\n\t\t\t\t<div class=\"elementor-widget-container\">\n\t\t\t\t\t<h2 class=\"elementor-heading-title elementor-size-default\">Geschichte<\/h2>\t\t\t\t<\/div>\n\t\t\t\t<\/div>\n\t\t\t\t<div class=\"elementor-element elementor-element-73d2a13 elementor-widget-divider--view-line elementor-widget elementor-widget-divider\" data-id=\"73d2a13\" data-element_type=\"widget\" data-e-type=\"widget\" data-widget_type=\"divider.default\">\n\t\t\t\t<div class=\"elementor-widget-container\">\n\t\t\t\t\t\t\t<div class=\"elementor-divider\">\n\t\t\t<span class=\"elementor-divider-separator\">\n\t\t\t\t\t\t<\/span>\n\t\t<\/div>\n\t\t\t\t\t\t<\/div>\n\t\t\t\t<\/div>\n\t\t\t\t<div class=\"elementor-element elementor-element-e7f6076 elementor-widget elementor-widget-text-editor\" data-id=\"e7f6076\" data-element_type=\"widget\" data-e-type=\"widget\" data-widget_type=\"text-editor.default\">\n\t\t\t\t<div class=\"elementor-widget-container\">\n\t\t\t\t\t\t\t\t\t<p>Marinus Enterprises wurde 1977 von Kees Post zusammen mit seinem Bruder Maarten und seinem Vater Sjoerd gegr\u00fcndet.<br \/>Zun\u00e4chst belieferte das Unternehmen als Produktionsbetrieb und Gro\u00dfh\u00e4ndler auf dem heimischen Markt Gro\u00dfh\u00e4ndler, Einzelh\u00e4ndler und die Gastronomie. <br \/>Im Laufe der Jahre begann das Unternehmen mit dem Export in die Vereinigten Staaten. Hier werden die Produkte unter verschiedenen Markennamen angeboten.<br \/>Qualit\u00e4t ist von gr\u00f6\u00dfter Bedeutung: alle Fische werden auf den Auktionen in den Niederlanden, Belgien und D\u00e4nemark eingekauft und intern verarbeitet.<\/p>\n\t\t\t\t\t\t\t\t<\/div>\n\t\t\t\t<\/div>\n\t\t\t\t<div class=\"elementor-element elementor-element-49f762d elementor-widget elementor-widget-image\" data-id=\"49f762d\" data-element_type=\"widget\" data-e-type=\"widget\" data-widget_type=\"image.default\">\n\t\t\t\t<div class=\"elementor-widget-container\">\n\t\t\t\t\t\t\t\t\t\t\t\t\t\t\t<img decoding=\"async\" width=\"202\" height=\"94\" src=\"https:\/\/marinusenterprises.nl\/wp-content\/uploads\/2021\/03\/schol.png\" class=\"attachment-large size-large wp-image-703\" alt=\"\" \/>\t\t\t\t\t\t\t\t\t\t\t\t\t\t\t<\/div>\n\t\t\t\t<\/div>\n\t\t\t\t\t<\/div>\n\t\t<\/div>\n\t\t\t\t<div class=\"elementor-column elementor-col-33 elementor-top-column elementor-element elementor-element-8086280\" data-id=\"8086280\" data-element_type=\"column\" data-e-type=\"column\" data-settings=\"{&quot;background_background&quot;:&quot;gradient&quot;}\">\n\t\t\t<div class=\"elementor-widget-wrap elementor-element-populated\">\n\t\t\t\t\t\t<div class=\"elementor-element elementor-element-e1253a2 elementor-widget elementor-widget-heading\" data-id=\"e1253a2\" data-element_type=\"widget\" data-e-type=\"widget\" data-widget_type=\"heading.default\">\n\t\t\t\t<div class=\"elementor-widget-container\">\n\t\t\t\t\t<h2 class=\"elementor-heading-title elementor-size-default\">Heute<\/h2>\t\t\t\t<\/div>\n\t\t\t\t<\/div>\n\t\t\t\t<div class=\"elementor-element elementor-element-ff576f3 elementor-widget-divider--view-line elementor-widget elementor-widget-divider\" data-id=\"ff576f3\" data-element_type=\"widget\" data-e-type=\"widget\" data-widget_type=\"divider.default\">\n\t\t\t\t<div class=\"elementor-widget-container\">\n\t\t\t\t\t\t\t<div class=\"elementor-divider\">\n\t\t\t<span class=\"elementor-divider-separator\">\n\t\t\t\t\t\t<\/span>\n\t\t<\/div>\n\t\t\t\t\t\t<\/div>\n\t\t\t\t<\/div>\n\t\t\t\t<div class=\"elementor-element elementor-element-e28d43f elementor-widget elementor-widget-text-editor\" data-id=\"e28d43f\" data-element_type=\"widget\" data-e-type=\"widget\" data-widget_type=\"text-editor.default\">\n\t\t\t\t<div class=\"elementor-widget-container\">\n\t\t\t\t\t\t\t\t\t<p>Marinus Enterprises ist nach wie vor ein Familienunternehmen, in dem mittlerweile die dritte Generation t\u00e4tig ist. Im Jahr 2019 wurde Marinus Enterprises teilweise von Dayseaday \u00fcbernommen. Einer der Gr\u00fcnde daf\u00fcr ist der Ausbau des Sortiments durch die Nutzung des Dayseaday-Netzwerks. <br \/>Ab Juli 2021 wurde Marinus Enterprises vollst\u00e4ndig durch Dayseaday \u00fcbernommen.<br \/>Dayseaday kann so die Produktionsanlagen von Marinus Enterprises optimal nutzen, und umgekehrt nutzt Marinus Enterprises die M\u00f6glichkeiten, die Dayseaday bietet.<\/p>\n\t\t\t\t\t\t\t\t<\/div>\n\t\t\t\t<\/div>\n\t\t\t\t<div class=\"elementor-element elementor-element-14169a1 elementor-widget elementor-widget-image\" data-id=\"14169a1\" data-element_type=\"widget\" data-e-type=\"widget\" data-widget_type=\"image.default\">\n\t\t\t\t<div class=\"elementor-widget-container\">\n\t\t\t\t\t\t\t\t\t\t\t\t\t\t\t<img decoding=\"async\" width=\"202\" height=\"94\" src=\"https:\/\/marinusenterprises.nl\/wp-content\/uploads\/2021\/03\/schol.png\" class=\"attachment-large size-large wp-image-703\" alt=\"\" \/>\t\t\t\t\t\t\t\t\t\t\t\t\t\t\t<\/div>\n\t\t\t\t<\/div>\n\t\t\t\t\t<\/div>\n\t\t<\/div>\n\t\t\t\t<div class=\"elementor-column elementor-col-33 elementor-top-column elementor-element elementor-element-89ecde7\" data-id=\"89ecde7\" data-element_type=\"column\" data-e-type=\"column\" data-settings=\"{&quot;background_background&quot;:&quot;gradient&quot;}\">\n\t\t\t<div class=\"elementor-widget-wrap elementor-element-populated\">\n\t\t\t\t\t\t<div class=\"elementor-element elementor-element-b7d8d93 elementor-widget elementor-widget-heading\" data-id=\"b7d8d93\" data-element_type=\"widget\" data-e-type=\"widget\" data-widget_type=\"heading.default\">\n\t\t\t\t<div class=\"elementor-widget-container\">\n\t\t\t\t\t<h2 class=\"elementor-heading-title elementor-size-default\">Zukunft<\/h2>\t\t\t\t<\/div>\n\t\t\t\t<\/div>\n\t\t\t\t<div class=\"elementor-element elementor-element-7721d29 elementor-widget-divider--view-line elementor-widget elementor-widget-divider\" data-id=\"7721d29\" data-element_type=\"widget\" data-e-type=\"widget\" data-widget_type=\"divider.default\">\n\t\t\t\t<div class=\"elementor-widget-container\">\n\t\t\t\t\t\t\t<div class=\"elementor-divider\">\n\t\t\t<span class=\"elementor-divider-separator\">\n\t\t\t\t\t\t<\/span>\n\t\t<\/div>\n\t\t\t\t\t\t<\/div>\n\t\t\t\t<\/div>\n\t\t\t\t<div class=\"elementor-element elementor-element-07fcc38 elementor-widget elementor-widget-text-editor\" data-id=\"07fcc38\" data-element_type=\"widget\" data-e-type=\"widget\" data-widget_type=\"text-editor.default\">\n\t\t\t\t<div class=\"elementor-widget-container\">\n\t\t\t\t\t\t\t\t\t<p>o Mit der \u00dcbernahme ist die Zukunft von Marinus Enterprises gesichert. Der gemeinsame Einkauf mit Dayseaday bietet die M\u00f6glichkeit, auf verschiedenen M\u00e4rkten mit einer vielseitigen Produktpalette zu operieren. Dank der kurzen Kommunikationswege ist die Qualit\u00e4t gew\u00e4hrleistet, und Marinus Enterprises wird seine Kunden weiterhin auf die gleiche Weise bedienen wie bisher.<br \/>Dayseaday und Marinus Enterprises sehen weiterhin Wachstumschancen, insbesondere in den Vereinigten Staaten.<\/p>\n\t\t\t\t\t\t\t\t<\/div>\n\t\t\t\t<\/div>\n\t\t\t\t<div class=\"elementor-element elementor-element-cb288f7 elementor-widget elementor-widget-image\" data-id=\"cb288f7\" data-element_type=\"widget\" data-e-type=\"widget\" data-widget_type=\"image.default\">\n\t\t\t\t<div class=\"elementor-widget-container\">\n\t\t\t\t\t\t\t\t\t\t\t\t\t\t\t<img decoding=\"async\" width=\"202\" height=\"94\" src=\"https:\/\/marinusenterprises.nl\/wp-content\/uploads\/2021\/03\/schol.png\" class=\"attachment-large size-large wp-image-703\" alt=\"\" \/>\t\t\t\t\t\t\t\t\t\t\t\t\t\t\t<\/div>\n\t\t\t\t<\/div>\n\t\t\t\t\t<\/div>\n\t\t<\/div>\n\t\t\t\t\t<\/div>\n\t\t<\/section>\n\t\t\t\t<\/div>\n\t\t","protected":false},"excerpt":{"rendered":"<p>UNSERE VISION Geschichte Marinus Enterprises wurde 1977 von Kees Post zusammen mit seinem Bruder Maarten und seinem Vater Sjoerd gegr\u00fcndet.Zun\u00e4chst belieferte das Unternehmen als Produktionsbetrieb und Gro\u00dfh\u00e4ndler auf dem heimischen Markt Gro\u00dfh\u00e4ndler, Einzelh\u00e4ndler und die Gastronomie. Im Laufe der Jahre begann das Unternehmen mit dem Export in die Vereinigten Staaten. Hier werden die Produkte unter [&hellip;]<\/p>\n","protected":false},"author":1,"featured_media":0,"parent":0,"menu_order":0,"comment_status":"closed","ping_status":"closed","template":"","meta":{"footnotes":""},"class_list":["post-826","page","type-page","status-publish","hentry"],"_links":{"self":[{"href":"https:\/\/marinusenterprises.nl\/de\/wp-json\/wp\/v2\/pages\/826","targetHints":{"allow":["GET"]}}],"collection":[{"href":"https:\/\/marinusenterprises.nl\/de\/wp-json\/wp\/v2\/pages"}],"about":[{"href":"https:\/\/marinusenterprises.nl\/de\/wp-json\/wp\/v2\/types\/page"}],"author":[{"embeddable":true,"href":"https:\/\/marinusenterprises.nl\/de\/wp-json\/wp\/v2\/users\/1"}],"replies":[{"embeddable":true,"href":"https:\/\/marinusenterprises.nl\/de\/wp-json\/wp\/v2\/comments?post=826"}],"version-history":[{"count":1,"href":"https:\/\/marinusenterprises.nl\/de\/wp-json\/wp\/v2\/pages\/826\/revisions"}],"predecessor-version":[{"id":827,"href":"https:\/\/marinusenterprises.nl\/de\/wp-json\/wp\/v2\/pages\/826\/revisions\/827"}],"wp:attachment":[{"href":"https:\/\/marinusenterprises.nl\/de\/wp-json\/wp\/v2\/media?parent=826"}],"curies":[{"name":"wp","href":"https:\/\/api.w.org\/{rel}","templated":true}]}}