{"id":818,"date":"2021-10-19T14:57:52","date_gmt":"2021-10-19T12:57:52","guid":{"rendered":"https:\/\/webdesign.alphaproducties.nl\/marinus\/home\/"},"modified":"2021-11-12T14:49:26","modified_gmt":"2021-11-12T13:49:26","slug":"home","status":"publish","type":"page","link":"https:\/\/marinusenterprises.nl\/de\/","title":{"rendered":"Home"},"content":{"rendered":"\t\t<div data-elementor-type=\"wp-page\" data-elementor-id=\"818\" class=\"elementor elementor-818 elementor-20\" data-elementor-post-type=\"page\">\n\t\t\t\t\t\t<section class=\"elementor-section elementor-top-section elementor-element elementor-element-7d302da elementor-section-height-min-height elementor-section-boxed elementor-section-height-default elementor-section-items-middle\" data-id=\"7d302da\" data-element_type=\"section\" data-e-type=\"section\" data-settings=\"{&quot;background_background&quot;:&quot;classic&quot;}\">\n\t\t\t\t\t\t\t<div class=\"elementor-background-overlay\"><\/div>\n\t\t\t\t\t\t\t<div class=\"elementor-container elementor-column-gap-default\">\n\t\t\t\t\t<div class=\"elementor-column elementor-col-50 elementor-top-column elementor-element elementor-element-9312d12\" data-id=\"9312d12\" data-element_type=\"column\" data-e-type=\"column\">\n\t\t\t<div class=\"elementor-widget-wrap elementor-element-populated\">\n\t\t\t\t\t\t<div class=\"elementor-element elementor-element-4012d15 elementor-hidden-phone elementor-widget elementor-widget-heading\" data-id=\"4012d15\" data-element_type=\"widget\" data-e-type=\"widget\" data-widget_type=\"heading.default\">\n\t\t\t\t<div class=\"elementor-widget-container\">\n\t\t\t\t\t<h2 class=\"elementor-heading-title elementor-size-default\">FINEST FROM THE<\/h2>\t\t\t\t<\/div>\n\t\t\t\t<\/div>\n\t\t\t\t<div class=\"elementor-element elementor-element-28b8a00 elementor-hidden-desktop elementor-hidden-tablet elementor-widget elementor-widget-heading\" data-id=\"28b8a00\" data-element_type=\"widget\" data-e-type=\"widget\" data-widget_type=\"heading.default\">\n\t\t\t\t<div class=\"elementor-widget-container\">\n\t\t\t\t\t<h2 class=\"elementor-heading-title elementor-size-default\">FINEST FROM THE<\/h2>\t\t\t\t<\/div>\n\t\t\t\t<\/div>\n\t\t\t\t<div class=\"elementor-element elementor-element-8b0aa74 elementor-widget elementor-widget-heading\" data-id=\"8b0aa74\" data-element_type=\"widget\" data-e-type=\"widget\" data-widget_type=\"heading.default\">\n\t\t\t\t<div class=\"elementor-widget-container\">\n\t\t\t\t\t<h2 class=\"elementor-heading-title elementor-size-default\">NORTHSEA <\/h2>\t\t\t\t<\/div>\n\t\t\t\t<\/div>\n\t\t\t\t<div class=\"elementor-element elementor-element-0098f3f elementor-widget elementor-widget-text-editor\" data-id=\"0098f3f\" data-element_type=\"widget\" data-e-type=\"widget\" data-widget_type=\"text-editor.default\">\n\t\t\t\t<div class=\"elementor-widget-container\">\n\t\t\t\t\t\t\t\t\t<p>Seit 1977 liefern wir, unseren Kunden das Beste aus der Nordsee.<\/p>\n\t\t\t\t\t\t\t\t<\/div>\n\t\t\t\t<\/div>\n\t\t\t\t\t<\/div>\n\t\t<\/div>\n\t\t\t\t<div class=\"elementor-column elementor-col-50 elementor-top-column elementor-element elementor-element-c4b236f\" data-id=\"c4b236f\" data-element_type=\"column\" data-e-type=\"column\">\n\t\t\t<div class=\"elementor-widget-wrap\">\n\t\t\t\t\t\t\t<\/div>\n\t\t<\/div>\n\t\t\t\t\t<\/div>\n\t\t<\/section>\n\t\t\t\t<section class=\"elementor-section elementor-top-section elementor-element elementor-element-123f125 elementor-section-boxed elementor-section-height-default elementor-section-height-default\" data-id=\"123f125\" data-element_type=\"section\" data-e-type=\"section\">\n\t\t\t\t\t\t<div class=\"elementor-container elementor-column-gap-default\">\n\t\t\t\t\t<div class=\"elementor-column elementor-col-33 elementor-top-column elementor-element elementor-element-4b57741\" data-id=\"4b57741\" data-element_type=\"column\" data-e-type=\"column\" data-settings=\"{&quot;background_background&quot;:&quot;gradient&quot;}\">\n\t\t\t<div class=\"elementor-widget-wrap elementor-element-populated\">\n\t\t\t\t\t\t<div class=\"elementor-element elementor-element-d882806 elementor-widget elementor-widget-heading\" data-id=\"d882806\" data-element_type=\"widget\" data-e-type=\"widget\" data-widget_type=\"heading.default\">\n\t\t\t\t<div class=\"elementor-widget-container\">\n\t\t\t\t\t<h2 class=\"elementor-heading-title elementor-size-default\"><br>Unser Auftrag<\/h2>\t\t\t\t<\/div>\n\t\t\t\t<\/div>\n\t\t\t\t<div class=\"elementor-element elementor-element-ee8f962 elementor-widget-divider--view-line elementor-widget elementor-widget-divider\" data-id=\"ee8f962\" data-element_type=\"widget\" data-e-type=\"widget\" data-widget_type=\"divider.default\">\n\t\t\t\t<div class=\"elementor-widget-container\">\n\t\t\t\t\t\t\t<div class=\"elementor-divider\">\n\t\t\t<span class=\"elementor-divider-separator\">\n\t\t\t\t\t\t<\/span>\n\t\t<\/div>\n\t\t\t\t\t\t<\/div>\n\t\t\t\t<\/div>\n\t\t\t\t<section class=\"elementor-section elementor-inner-section elementor-element elementor-element-deda750 elementor-section-height-min-height elementor-section-boxed elementor-section-height-default\" data-id=\"deda750\" data-element_type=\"section\" data-e-type=\"section\">\n\t\t\t\t\t\t<div class=\"elementor-container elementor-column-gap-default\">\n\t\t\t\t\t<div class=\"elementor-column elementor-col-100 elementor-inner-column elementor-element elementor-element-0857efc\" data-id=\"0857efc\" data-element_type=\"column\" data-e-type=\"column\">\n\t\t\t<div class=\"elementor-widget-wrap elementor-element-populated\">\n\t\t\t\t\t\t<div class=\"elementor-element elementor-element-2ba0021 elementor-widget elementor-widget-text-editor\" data-id=\"2ba0021\" data-element_type=\"widget\" data-e-type=\"widget\" data-widget_type=\"text-editor.default\">\n\t\t\t\t<div class=\"elementor-widget-container\">\n\t\t\t\t\t\t\t\t\t<p>Wir setzen uns jeden Tag daf\u00fcr ein, den besten Fisch aus der Nordsee anzubieten, auch auf der anderen Seite des Atlantiks. Dabei ist es unser Ziel, ein authentisches Produkt von h\u00f6chster Qualit\u00e4t zu liefern, das Ihnen den Geschmack der Nordsee auf den Tisch bringt.<\/p>\n\t\t\t\t\t\t\t\t<\/div>\n\t\t\t\t<\/div>\n\t\t\t\t\t<\/div>\n\t\t<\/div>\n\t\t\t\t\t<\/div>\n\t\t<\/section>\n\t\t\t\t\t<\/div>\n\t\t<\/div>\n\t\t\t\t<div class=\"elementor-column elementor-col-33 elementor-top-column elementor-element elementor-element-47e90d3\" data-id=\"47e90d3\" data-element_type=\"column\" data-e-type=\"column\" data-settings=\"{&quot;background_background&quot;:&quot;gradient&quot;}\">\n\t\t\t<div class=\"elementor-widget-wrap elementor-element-populated\">\n\t\t\t\t\t\t<div class=\"elementor-element elementor-element-1c2db48 elementor-widget elementor-widget-heading\" data-id=\"1c2db48\" data-element_type=\"widget\" data-e-type=\"widget\" data-widget_type=\"heading.default\">\n\t\t\t\t<div class=\"elementor-widget-container\">\n\t\t\t\t\t<h2 class=\"elementor-heading-title elementor-size-default\">Unsere Nordsee-Produkte<\/h2>\t\t\t\t<\/div>\n\t\t\t\t<\/div>\n\t\t\t\t<div class=\"elementor-element elementor-element-270e70f elementor-widget-divider--view-line elementor-widget elementor-widget-divider\" data-id=\"270e70f\" data-element_type=\"widget\" data-e-type=\"widget\" data-widget_type=\"divider.default\">\n\t\t\t\t<div class=\"elementor-widget-container\">\n\t\t\t\t\t\t\t<div class=\"elementor-divider\">\n\t\t\t<span class=\"elementor-divider-separator\">\n\t\t\t\t\t\t<\/span>\n\t\t<\/div>\n\t\t\t\t\t\t<\/div>\n\t\t\t\t<\/div>\n\t\t\t\t<section class=\"elementor-section elementor-inner-section elementor-element elementor-element-259f2c9 elementor-section-height-min-height elementor-section-boxed elementor-section-height-default\" data-id=\"259f2c9\" data-element_type=\"section\" data-e-type=\"section\">\n\t\t\t\t\t\t<div class=\"elementor-container elementor-column-gap-default\">\n\t\t\t\t\t<div class=\"elementor-column elementor-col-100 elementor-inner-column elementor-element elementor-element-586a7e5\" data-id=\"586a7e5\" data-element_type=\"column\" data-e-type=\"column\">\n\t\t\t<div class=\"elementor-widget-wrap elementor-element-populated\">\n\t\t\t\t\t\t<div class=\"elementor-element elementor-element-b6b2971 elementor-widget elementor-widget-text-editor\" data-id=\"b6b2971\" data-element_type=\"widget\" data-e-type=\"widget\" data-widget_type=\"text-editor.default\">\n\t\t\t\t<div class=\"elementor-widget-container\">\n\t\t\t\t\t\t\t\t\t<p>Die Nordsee bietet uns eine gro\u00dfe Vielfalt an Fischarten. Von diesen k\u00f6nnen wir die meisten Arten anbieten, wobei unser Schwerpunkt vor allem auf Plattfischen liegt. Unsere Hauptprodukte sind Seezunge, Scholle, Steinbutt, Echte Rotzunge und Flunder. Wir bieten auch eine breite Palette von Importprodukten an.<\/p>\n\t\t\t\t\t\t\t\t<\/div>\n\t\t\t\t<\/div>\n\t\t\t\t\t<\/div>\n\t\t<\/div>\n\t\t\t\t\t<\/div>\n\t\t<\/section>\n\t\t\t\t\t<\/div>\n\t\t<\/div>\n\t\t\t\t<div class=\"elementor-column elementor-col-33 elementor-top-column elementor-element elementor-element-61f5817\" data-id=\"61f5817\" data-element_type=\"column\" data-e-type=\"column\" data-settings=\"{&quot;background_background&quot;:&quot;gradient&quot;}\">\n\t\t\t<div class=\"elementor-widget-wrap elementor-element-populated\">\n\t\t\t\t\t\t<div class=\"elementor-element elementor-element-c66aa39 elementor-widget elementor-widget-heading\" data-id=\"c66aa39\" data-element_type=\"widget\" data-e-type=\"widget\" data-widget_type=\"heading.default\">\n\t\t\t\t<div class=\"elementor-widget-container\">\n\t\t\t\t\t<h2 class=\"elementor-heading-title elementor-size-default\"><br>Kontakt<\/h2>\t\t\t\t<\/div>\n\t\t\t\t<\/div>\n\t\t\t\t<div class=\"elementor-element elementor-element-7558bda elementor-widget-divider--view-line elementor-widget elementor-widget-divider\" data-id=\"7558bda\" data-element_type=\"widget\" data-e-type=\"widget\" data-widget_type=\"divider.default\">\n\t\t\t\t<div class=\"elementor-widget-container\">\n\t\t\t\t\t\t\t<div class=\"elementor-divider\">\n\t\t\t<span class=\"elementor-divider-separator\">\n\t\t\t\t\t\t<\/span>\n\t\t<\/div>\n\t\t\t\t\t\t<\/div>\n\t\t\t\t<\/div>\n\t\t\t\t<section class=\"elementor-section elementor-inner-section elementor-element elementor-element-bd4e9a0 elementor-section-height-min-height elementor-section-boxed elementor-section-height-default\" data-id=\"bd4e9a0\" data-element_type=\"section\" data-e-type=\"section\">\n\t\t\t\t\t\t<div class=\"elementor-container elementor-column-gap-default\">\n\t\t\t\t\t<div class=\"elementor-column elementor-col-100 elementor-inner-column elementor-element elementor-element-47a3457\" data-id=\"47a3457\" data-element_type=\"column\" data-e-type=\"column\">\n\t\t\t<div class=\"elementor-widget-wrap elementor-element-populated\">\n\t\t\t\t\t\t<div class=\"elementor-element elementor-element-cbb906f elementor-widget elementor-widget-text-editor\" data-id=\"cbb906f\" data-element_type=\"widget\" data-e-type=\"widget\" data-widget_type=\"text-editor.default\">\n\t\t\t\t<div class=\"elementor-widget-container\">\n\t\t\t\t\t\t\t\t\t<p>Unser junges und professionelles Team mit seiner Erfahrung und seinem Wissen ist immer f\u00fcr Sie da. Kurze Kommunikationswege und pers\u00f6nlicher Kontakt sind f\u00fcr uns wichtige Faktoren. Wenn Sie Fragen zu unserem Unternehmen oder unseren Produkten haben, wenden Sie sich bitte an einen unserer Verkaufsleiter. <\/p>\n\t\t\t\t\t\t\t\t<\/div>\n\t\t\t\t<\/div>\n\t\t\t\t\t<\/div>\n\t\t<\/div>\n\t\t\t\t\t<\/div>\n\t\t<\/section>\n\t\t\t\t\t<\/div>\n\t\t<\/div>\n\t\t\t\t\t<\/div>\n\t\t<\/section>\n\t\t\t\t<section class=\"elementor-section elementor-top-section elementor-element elementor-element-341cd1f elementor-section-boxed elementor-section-height-default elementor-section-height-default\" data-id=\"341cd1f\" data-element_type=\"section\" data-e-type=\"section\" data-settings=\"{&quot;background_background&quot;:&quot;classic&quot;}\">\n\t\t\t\t\t\t\t<div class=\"elementor-background-overlay\"><\/div>\n\t\t\t\t\t\t\t<div class=\"elementor-container elementor-column-gap-default\">\n\t\t\t\t\t<div class=\"elementor-column elementor-col-50 elementor-top-column elementor-element elementor-element-12f1e42\" data-id=\"12f1e42\" data-element_type=\"column\" data-e-type=\"column\">\n\t\t\t<div class=\"elementor-widget-wrap elementor-element-populated\">\n\t\t\t\t\t\t<div class=\"elementor-element elementor-element-d08506b elementor-widget elementor-widget-image\" data-id=\"d08506b\" data-element_type=\"widget\" data-e-type=\"widget\" data-widget_type=\"image.default\">\n\t\t\t\t<div class=\"elementor-widget-container\">\n\t\t\t\t\t\t\t\t\t\t\t\t\t\t\t<img fetchpriority=\"high\" decoding=\"async\" width=\"800\" height=\"800\" src=\"https:\/\/marinusenterprises.nl\/wp-content\/uploads\/2021\/03\/Lubkopie-1-1024x1024.png\" class=\"attachment-large size-large wp-image-709\" alt=\"\" srcset=\"https:\/\/marinusenterprises.nl\/wp-content\/uploads\/2021\/03\/Lubkopie-1-1024x1024.png 1024w, https:\/\/marinusenterprises.nl\/wp-content\/uploads\/2021\/03\/Lubkopie-1-300x300.png 300w, https:\/\/marinusenterprises.nl\/wp-content\/uploads\/2021\/03\/Lubkopie-1-150x150.png 150w, https:\/\/marinusenterprises.nl\/wp-content\/uploads\/2021\/03\/Lubkopie-1-768x768.png 768w, https:\/\/marinusenterprises.nl\/wp-content\/uploads\/2021\/03\/Lubkopie-1-1536x1536.png 1536w, https:\/\/marinusenterprises.nl\/wp-content\/uploads\/2021\/03\/Lubkopie-1-2048x2048.png 2048w\" sizes=\"(max-width: 800px) 100vw, 800px\" \/>\t\t\t\t\t\t\t\t\t\t\t\t\t\t\t<\/div>\n\t\t\t\t<\/div>\n\t\t\t\t\t<\/div>\n\t\t<\/div>\n\t\t\t\t<div class=\"elementor-column elementor-col-50 elementor-top-column elementor-element elementor-element-986e996\" data-id=\"986e996\" data-element_type=\"column\" data-e-type=\"column\">\n\t\t\t<div class=\"elementor-widget-wrap elementor-element-populated\">\n\t\t\t\t\t\t<div class=\"elementor-element elementor-element-a8efa0d elementor-widget elementor-widget-image\" data-id=\"a8efa0d\" data-element_type=\"widget\" data-e-type=\"widget\" data-widget_type=\"image.default\">\n\t\t\t\t<div class=\"elementor-widget-container\">\n\t\t\t\t\t\t\t\t\t\t\t\t\t\t\t<img decoding=\"async\" width=\"800\" height=\"800\" src=\"https:\/\/marinusenterprises.nl\/wp-content\/uploads\/2021\/09\/Sjoerd-Post-ZW-1-1024x1024.png\" class=\"attachment-large size-large wp-image-721\" alt=\"\" srcset=\"https:\/\/marinusenterprises.nl\/wp-content\/uploads\/2021\/09\/Sjoerd-Post-ZW-1-1024x1024.png 1024w, https:\/\/marinusenterprises.nl\/wp-content\/uploads\/2021\/09\/Sjoerd-Post-ZW-1-300x300.png 300w, https:\/\/marinusenterprises.nl\/wp-content\/uploads\/2021\/09\/Sjoerd-Post-ZW-1-150x150.png 150w, https:\/\/marinusenterprises.nl\/wp-content\/uploads\/2021\/09\/Sjoerd-Post-ZW-1-768x768.png 768w, https:\/\/marinusenterprises.nl\/wp-content\/uploads\/2021\/09\/Sjoerd-Post-ZW-1-1536x1536.png 1536w, https:\/\/marinusenterprises.nl\/wp-content\/uploads\/2021\/09\/Sjoerd-Post-ZW-1-2048x2048.png 2048w\" sizes=\"(max-width: 800px) 100vw, 800px\" \/>\t\t\t\t\t\t\t\t\t\t\t\t\t\t\t<\/div>\n\t\t\t\t<\/div>\n\t\t\t\t\t<\/div>\n\t\t<\/div>\n\t\t\t\t\t<\/div>\n\t\t<\/section>\n\t\t\t\t<\/div>\n\t\t","protected":false},"excerpt":{"rendered":"<p>FINEST FROM THE FINEST FROM THE NORTHSEA Seit 1977 liefern wir, unseren Kunden das Beste aus der Nordsee. Unser Auftrag Wir setzen uns jeden Tag daf\u00fcr ein, den besten Fisch aus der Nordsee anzubieten, auch auf der anderen Seite des Atlantiks. Dabei ist es unser Ziel, ein authentisches Produkt von h\u00f6chster Qualit\u00e4t zu liefern, das [&hellip;]<\/p>\n","protected":false},"author":1,"featured_media":0,"parent":0,"menu_order":0,"comment_status":"closed","ping_status":"closed","template":"elementor_header_footer","meta":{"footnotes":""},"class_list":["post-818","page","type-page","status-publish","hentry"],"_links":{"self":[{"href":"https:\/\/marinusenterprises.nl\/de\/wp-json\/wp\/v2\/pages\/818","targetHints":{"allow":["GET"]}}],"collection":[{"href":"https:\/\/marinusenterprises.nl\/de\/wp-json\/wp\/v2\/pages"}],"about":[{"href":"https:\/\/marinusenterprises.nl\/de\/wp-json\/wp\/v2\/types\/page"}],"author":[{"embeddable":true,"href":"https:\/\/marinusenterprises.nl\/de\/wp-json\/wp\/v2\/users\/1"}],"replies":[{"embeddable":true,"href":"https:\/\/marinusenterprises.nl\/de\/wp-json\/wp\/v2\/comments?post=818"}],"version-history":[{"count":10,"href":"https:\/\/marinusenterprises.nl\/de\/wp-json\/wp\/v2\/pages\/818\/revisions"}],"predecessor-version":[{"id":914,"href":"https:\/\/marinusenterprises.nl\/de\/wp-json\/wp\/v2\/pages\/818\/revisions\/914"}],"wp:attachment":[{"href":"https:\/\/marinusenterprises.nl\/de\/wp-json\/wp\/v2\/media?parent=818"}],"curies":[{"name":"wp","href":"https:\/\/api.w.org\/{rel}","templated":true}]}}